{"id":5,"date":"2011-03-24T17:41:16","date_gmt":"2011-03-24T17:41:16","guid":{"rendered":"http:\/\/notizblog.kapora.de\/?page_id=5"},"modified":"2011-03-24T18:03:51","modified_gmt":"2011-03-24T18:03:51","slug":"bio-in-rostock","status":"publish","type":"page","link":"http:\/\/notizblog.kapora.de\/?page_id=5","title":{"rendered":"Bio in Rostock"},"content":{"rendered":"<p>M\u00f6glichkeiten zum Essen gehen:<\/p>\n<p><a title=\"Homepage K\u00fcstenm\u00fchle\" href=\"http:\/\/www.kuestenmuehle.de\/biocafe.htm\" target=\"_blank\">K\u00fcstenm\u00fchle<\/a> Rostock:<\/p>\n<ul>\n<li>Neu Hinrichsdorf 18a,18164 Rostock (Cafe, Catering)<\/li>\n<li>Quelle: Brosch\u00fcre Landaktiv<\/li>\n<li>Tel: 0381 8577216<\/li>\n<\/ul>\n<p>Biofrieda<\/p>\n<ul>\n<li>Cafe<\/li>\n<li><a title=\"Homepage Biofrieda\" href=\"http:\/\/www.biofrieda.de\/\" target=\"_blank\">www.biofrieda.de<\/a><\/li>\n<li>Quelle: Brosch\u00fcre Landaktiv<\/li>\n<li>Tel.: 0381 1234544<\/li>\n<\/ul>\n<p>Braugasthaus &#8222;Zum Alten Fritz&#8220;<\/p>\n<ul>\n<li><a title=\"Homepage Alter Fritz\" href=\"http:\/\/www.alter-fritz.de\/\" target=\"_blank\">www.alter-fritz.de<\/a><\/li>\n<li>Alle Rindfleischgerichte aus Bio-Fleisch<\/li>\n<li>Quelle: Brosch\u00fcre Landaktiv<\/li>\n<li>Tel: 0381 208780<\/li>\n<\/ul>\n<link rel=\"stylesheet\" type=\"text\/css\" href=\"http:\/\/notizblog.kapora.de\/wp-content\/plugins\/osm\/\/css\/osm_map.css\" \/><style type=\"text\/css\">#map_1 {clear: both; padding: 0px; margin: 0px; border: 0px; width: 100%; height: 100%; margin-top:0px; margin-right:0px;margin-left:0px; margin-bottom:0px; left: 0px; border-radius:0px;\nbox-shadow: none;}#map_1 img{clear: both; padding: 0px; margin: 0px; border: 0px; width: 100%; height: 100%; position: absolute; margin-top:0px; margin-right:0px;margin-left:0px; margin-bottom:0px; border-radius:0px;\nbox-shadow: none;}<\/style><div id=\"map_1\" class=\"OSM_Map\" style=\"width:600px; height:450px; overflow:hidden;padding:0px;border:none;\"><script type=\"text\/javascript\" src=\"http:\/\/notizblog.kapora.de\/wp-content\/plugins\/osm\/js\/OL\/2.13.1\/OpenLayers.js?ver=2.13.1\"><\/script><script type=\"text\/javascript\" src=\"http:\/\/notizblog.kapora.de\/wp-content\/plugins\/osm\/js\/OSM\/openlayers\/OpenStreetMap.js\"><\/script><script type=\"text\/javascript\" src=\"http:\/\/notizblog.kapora.de\/wp-content\/plugins\/osm\/js\/osm-plugin-lib.js\"><\/script><script type=\"text\/javascript\">\/* <![CDATA[ *\/(function($) { OpenLayers.ImgPath = \"http:\/\/notizblog.kapora.de\/wp-content\/plugins\/osm\/themes\/ol\/\"; map_1 = new OpenLayers.Map (\"map_1\", {            controls:[              new OpenLayers.Control.Navigation(),              new OpenLayers.Control.PanZoom(),              new OpenLayers.Control.Attribution()              ],          maxExtent: new OpenLayers.Bounds(-20037508.34,-20037508.34,20037508.34,20037508.34),          maxResolution: 156543.0399,          numZoomLevels: 19,          units: \"m\",          projection: new OpenLayers.Projection(\"EPSG:900913\"),          displayProjection: new OpenLayers.Projection(\"EPSG:4326\")      } );var lmap = new OpenLayers.Layer.OSM.Mapnik(\"Mapnik\");map_1.addLayers([lmap]);var lonLat = new OpenLayers.LonLat(12.106,54.129).transform(map_1.displayProjection, map_1.projection);map_1.setCenter (lonLat,11);var MarkerLayer = new OpenLayers.Layer.Markers(\"Marker\");map_1.addLayer(MarkerLayer);\n      function osm_map_1MarkerPopUpClick(a_evt){\n        if (this.popup == null){\n          this.popup = this.createPopup(this.closeBox);\n          map_1.addPopup(this.popup);\n          this.popup.show();\n        }\n        else{\n          for (var i = 0; i < map_1.popups.length; i++){\n          map_1.popups[i].hide();\n          }\n          this.popup.toggle();\n        }\n        OpenLayers.Event.stop(a_evt);\n      }\n    var map_1IconArray = [];var Mdata = {};\n        Mdata.icon = new OpenLayers.Icon(\"http:\/\/notizblog.kapora.de\/wp-content\/plugins\/osm\/icons\/wpttemp-green.png\",\n          new OpenLayers.Size(24,24),\n          new OpenLayers.Pixel(0, -24));map_1IconArray.push(Mdata);var ll = new OpenLayers.LonLat( 12.167891,54.119298).transform(map_1.displayProjection, map_1.projection);var feature = new OpenLayers.Feature(MarkerLayer, ll, map_1IconArray[0]);feature.closeBox = true;feature.popupClass = OpenLayers.Class(OpenLayers.Popup.FramedCloud, {\"autoSize\": true, minSize: new OpenLayers.Size(150,150),\"keepInMap\": true } );feature.data.popupContentHTML = \"<a href=\\\"http:\/\/www.kuestenmuehle.de\\\" target=\\\"_blank\\\">K\u00fcstenm\u00fchle<\/a>\";feature.data.overflow = \"hidden\";var marker = new OpenLayers.Marker(ll,map_1IconArray[0].icon.clone());marker.feature = feature;marker.events.register(\"mousedown\", feature, osm_map_1MarkerPopUpClick);MarkerLayer.addMarker(marker);map_1.addPopup(feature.createPopup(feature.closeBox));var lonLat = new OpenLayers.LonLat(12.106,54.129).transform(map_1.displayProjection, map_1.projection);map_1.setCenter (lonLat,11);})(jQuery)\/* ]]> *\/ <\/script><\/div>\n<p>&nbsp;<\/p>\n","protected":false},"excerpt":{"rendered":"<p>M\u00f6glichkeiten zum Essen gehen: K\u00fcstenm\u00fchle Rostock: Neu Hinrichsdorf 18a,18164 Rostock (Cafe, Catering) Quelle: Brosch\u00fcre Landaktiv Tel: 0381 8577216 Biofrieda Cafe www.biofrieda.de Quelle: Brosch\u00fcre Landaktiv Tel.: 0381 1234544 Braugasthaus &#8222;Zum Alten Fritz&#8220; www.alter-fritz.de Alle Rindfleischgerichte aus Bio-Fleisch Quelle: Brosch\u00fcre Landaktiv Tel: &hellip; <a href=\"http:\/\/notizblog.kapora.de\/?page_id=5\">Weiterlesen <span class=\"meta-nav\">&rarr;<\/span><\/a><\/p>\n","protected":false},"author":1,"featured_media":0,"parent":0,"menu_order":0,"comment_status":"open","ping_status":"open","template":"","meta":[],"_links":{"self":[{"href":"http:\/\/notizblog.kapora.de\/index.php?rest_route=\/wp\/v2\/pages\/5"}],"collection":[{"href":"http:\/\/notizblog.kapora.de\/index.php?rest_route=\/wp\/v2\/pages"}],"about":[{"href":"http:\/\/notizblog.kapora.de\/index.php?rest_route=\/wp\/v2\/types\/page"}],"author":[{"embeddable":true,"href":"http:\/\/notizblog.kapora.de\/index.php?rest_route=\/wp\/v2\/users\/1"}],"replies":[{"embeddable":true,"href":"http:\/\/notizblog.kapora.de\/index.php?rest_route=%2Fwp%2Fv2%2Fcomments&post=5"}],"version-history":[{"count":19,"href":"http:\/\/notizblog.kapora.de\/index.php?rest_route=\/wp\/v2\/pages\/5\/revisions"}],"predecessor-version":[{"id":9,"href":"http:\/\/notizblog.kapora.de\/index.php?rest_route=\/wp\/v2\/pages\/5\/revisions\/9"}],"wp:attachment":[{"href":"http:\/\/notizblog.kapora.de\/index.php?rest_route=%2Fwp%2Fv2%2Fmedia&parent=5"}],"curies":[{"name":"wp","href":"https:\/\/api.w.org\/{rel}","templated":true}]}}